{"id":633,"date":"2023-09-06T18:19:44","date_gmt":"2023-09-06T18:19:44","guid":{"rendered":"https:\/\/hemashellhounds.at\/?page_id=633"},"modified":"2026-03-30T10:23:47","modified_gmt":"2026-03-30T10:23:47","slug":"litter-wurf-2024","status":"publish","type":"page","link":"https:\/\/hemashellhounds.at\/index.php\/litter-wurf-2024\/","title":{"rendered":"Litter \/ Wurf 2026"},"content":{"rendered":"\n<p><\/p>\n\n\n\n<p>30.03.2026 &#8211; good news Zaituni is pregnant \/ Gute Neuigkeiten &#8211; Zaituni ist tr\u00e4chtig <\/p>\n\n\n\n<figure class=\"wp-block-image size-large\"><img loading=\"lazy\" decoding=\"async\" width=\"1024\" height=\"889\" src=\"https:\/\/hemashellhounds.at\/wp-content\/uploads\/2026\/03\/1000152680-1024x889.jpg\" alt=\"\" class=\"wp-image-926\" srcset=\"https:\/\/hemashellhounds.at\/wp-content\/uploads\/2026\/03\/1000152680-1024x889.jpg 1024w, https:\/\/hemashellhounds.at\/wp-content\/uploads\/2026\/03\/1000152680-300x260.jpg 300w, https:\/\/hemashellhounds.at\/wp-content\/uploads\/2026\/03\/1000152680-768x667.jpg 768w, https:\/\/hemashellhounds.at\/wp-content\/uploads\/2026\/03\/1000152680-1536x1333.jpg 1536w, https:\/\/hemashellhounds.at\/wp-content\/uploads\/2026\/03\/1000152680-2048x1778.jpg 2048w, https:\/\/hemashellhounds.at\/wp-content\/uploads\/2026\/03\/1000152680-1200x1042.jpg 1200w, https:\/\/hemashellhounds.at\/wp-content\/uploads\/2026\/03\/1000152680-1980x1719.jpg 1980w\" sizes=\"auto, (max-width: 1024px) 100vw, 1024px\" \/><\/figure>\n\n\n\n<p><\/p>\n\n\n\n<p>Puppies will be born around May 5th\/ Wir erwarten die Welpen um den 5.Mai<\/p>\n\n\n\n<p><\/p>\n\n\n\n<p class=\"has-large-font-size\">We are planning our first litter in 2026 <\/p>\n\n\n\n<p>planned parents\/geplannte Eltern:<\/p>\n\n\n\n<p class=\"has-large-font-size\"> Multi CH, Multi GrCH, Zaituni Lakota L\u00f6wenschwanz<\/p>\n\n\n\n<p><strong>Multi CH, Multi GrCH Leo Tino&#8217;s Kung Louie <\/strong><\/p>\n\n\n\n<p><\/p>\n\n\n\n<p>LIVERNOSE puppies expected\/LIVERNOSE Welpen erwartet<\/p>\n\n\n\n<p>bei Interesse bitte bei Eva oder Karin melden \/if you are interested please contact Eva or Karin<\/p>\n\n\n\n<figure class=\"wp-block-image size-large\"><img loading=\"lazy\" decoding=\"async\" width=\"1024\" height=\"724\" src=\"https:\/\/hemashellhounds.at\/wp-content\/uploads\/2026\/02\/karinlitter-1024x724.jpg\" alt=\"\" class=\"wp-image-908\" srcset=\"https:\/\/hemashellhounds.at\/wp-content\/uploads\/2026\/02\/karinlitter-1024x724.jpg 1024w, https:\/\/hemashellhounds.at\/wp-content\/uploads\/2026\/02\/karinlitter-300x212.jpg 300w, https:\/\/hemashellhounds.at\/wp-content\/uploads\/2026\/02\/karinlitter-768x543.jpg 768w, https:\/\/hemashellhounds.at\/wp-content\/uploads\/2026\/02\/karinlitter-1536x1086.jpg 1536w, https:\/\/hemashellhounds.at\/wp-content\/uploads\/2026\/02\/karinlitter-2048x1448.jpg 2048w, https:\/\/hemashellhounds.at\/wp-content\/uploads\/2026\/02\/karinlitter-1200x849.jpg 1200w, https:\/\/hemashellhounds.at\/wp-content\/uploads\/2026\/02\/karinlitter-1980x1400.jpg 1980w\" sizes=\"auto, (max-width: 1024px) 100vw, 1024px\" \/><\/figure>\n\n\n\n<p>english below <\/p>\n\n\n\n<p>Zaituni ist so liebevoll wie eine Dampfwalze, sie kann einfach nicht verstehen, wie viel Kraft sie hat und das ihre Liebe weh tut! Sie liebt es zu kuscheln, bei ihren Menschen zu sein, am liebsten bitte direkt am Schoss.<\/p>\n\n\n\n<p>Sie ist immer und \u00fcberall mit dabei, ob auf Reisen, im B\u00fcro der Gesch\u00e4ft oder einfach nur hinterher wenn jemand im Garten etwas macht. Untypisch f\u00fcr eine Ridgeback schwimmt sie auch sehr gerne! <\/p>\n\n\n\n<p>mehr infos zu Zaituni auf ihrer Seite &#8211; <a href=\"https:\/\/hemashellhounds.at\/index.php\/zaituni\/\" type=\"link\" id=\"https:\/\/hemashellhounds.at\/index.php\/zaituni\/\">Zaituni <\/a><\/p>\n\n\n\n<p>Unser schwedischer Sunnyboy Louie &#8211; er ist ein Sonnenschein, nie schlecht gelaunt und f\u00fcr jeden Bl\u00f6dsinn zu haben und einfach nur ein Clown. Er ist einfach in jeder Lebenslage absolut souver\u00e4n und freundlich. Andren R\u00fcden gegen\u00fcber zeigt er von sich aus keine Agression &#8211; gefallen l\u00e4\u00dft er sich jedoch gar nichts.<\/p>\n\n\n\n<p>Er ist ein Kuschelb\u00e4r, jedoch deutlich z\u00e4rtlicher als Zaituni &#8211; sogar richtig vorsichtig &#8211; wenn es drauf an kommt. Wie sehr  er seine Familie besch\u00fctzt hat er  bei und nach Florians Unfall unter Beweis gestellt.   Er will mir gefallen, ist immer an meiner Seite &#8211; au\u00dfer er ist der Meinung das Flo jetzt mehr Schutz und Hilfe ben\u00f6tigt. <\/p>\n\n\n\n<p>mehr Infos zu Lou auf seiner Seite &#8211;<a href=\"https:\/\/hemashellhounds.at\/index.php\/louie\/\" type=\"link\" id=\"https:\/\/hemashellhounds.at\/index.php\/louie\/\"> Louie <\/a><\/p>\n\n\n\n<p>Beide Hunde sind nicht nur auf Ausstellungen sehr erfolgreich, sondern arbeiten auch beide am Hundeplatz gut (Louie mit mehr Begeisterung als Zaituni )<\/p>\n\n\n\n<p>Die beiden lieben einander innig und  stellen gemeinsam (inkl Xiva) unsere Geduld manchmal so richtig auf die Probe <\/p>\n\n\n\n<p><\/p>\n\n\n\n<p><\/p>\n\n\n\n<p>Zaituni is as loving as a steamroller \u2014 she simply can\u2019t understand how strong she is or that her love can actually hurt! She loves to cuddle, to be with her humans, and preferably right on their laps.<\/p>\n\n\n\n<p>She is always and everywhere by our side \u2014 whether traveling, at the office, in the shop, or simply following along when someone is doing something in the garden. Unusually for a Ridgeback, she also loves swimming!<\/p>\n\n\n\n<p>More information about Zaituni can be found on her page \u2013 <a href=\"https:\/\/hemashellhounds.at\/index.php\/zaituni\/\">Zaituni<\/a>.<\/p>\n\n\n\n<p>Our Swedish sunshine boy Louie \u2013 he is a ray of sunshine, never in a bad mood, always up for any kind of silliness, and simply a clown. In every situation in life, he is absolutely confident and friendly. Toward other males, he shows no aggression on his own \u2014 but he certainly doesn\u2019t let anyone push him around.<\/p>\n\n\n\n<p>He is a cuddly bear, though much gentler than Zaituni \u2014 even truly careful when it matters. How deeply he protects his family became clear during and after Florian\u2019s accident. He wants to please me, is always by my side \u2014 unless he believes that Flo needs more protection and support at that moment.<\/p>\n\n\n\n<p>More information about Lou can be found on his page \u2013 <a href=\"https:\/\/hemashellhounds.at\/index.php\/louie\/\" type=\"link\" id=\"https:\/\/hemashellhounds.at\/index.php\/louie\/\">Louie<\/a>.<\/p>\n\n\n\n<p>Both dogs are not only very successful at shows, but they also both work well at the training field (Louie with more enthusiasm than Zaituni).<\/p>\n\n\n\n<p>The two of them love each other deeply and together (including Xiva) sometimes really put our patience to the test.<\/p>\n","protected":false},"excerpt":{"rendered":"<p>30.03.2026 &#8211; good news Zaituni is pregnant \/ Gute Neuigkeiten &#8211; Zaituni ist tr\u00e4chtig Puppies will be born around May 5th\/ Wir erwarten die Welpen um den 5.Mai We are planning our first litter in 2026 planned parents\/geplannte Eltern: Multi CH, Multi GrCH, Zaituni Lakota L\u00f6wenschwanz Multi CH, Multi GrCH Leo Tino&#8217;s Kung Louie LIVERNOSE [&hellip;]<\/p>\n","protected":false},"author":1,"featured_media":0,"parent":0,"menu_order":0,"comment_status":"closed","ping_status":"closed","template":"","meta":{"_monsterinsights_skip_tracking":false,"_monsterinsights_sitenote_active":false,"_monsterinsights_sitenote_note":"","_monsterinsights_sitenote_category":0,"footnotes":""},"class_list":["post-633","page","type-page","status-publish","hentry"],"yoast_head":"<!-- This site is optimized with the Yoast SEO plugin v27.4 - https:\/\/yoast.com\/product\/yoast-seo-wordpress\/ -->\n<title>Litter \/ Wurf 2026 - Hemas Hellhounds<\/title>\n<meta name=\"robots\" content=\"index, follow, max-snippet:-1, max-image-preview:large, max-video-preview:-1\" \/>\n<link rel=\"canonical\" href=\"https:\/\/hemashellhounds.at\/index.php\/litter-wurf-2024\/\" \/>\n<meta property=\"og:locale\" content=\"de_DE\" \/>\n<meta property=\"og:type\" content=\"article\" \/>\n<meta property=\"og:title\" content=\"Litter \/ Wurf 2026 - Hemas Hellhounds\" \/>\n<meta property=\"og:description\" content=\"30.03.2026 &#8211; good news Zaituni is pregnant \/ Gute Neuigkeiten &#8211; Zaituni ist tr\u00e4chtig Puppies will be born around May 5th\/ Wir erwarten die Welpen um den 5.Mai We are planning our first litter in 2026 planned parents\/geplannte Eltern: Multi CH, Multi GrCH, Zaituni Lakota L\u00f6wenschwanz Multi CH, Multi GrCH Leo Tino&#8217;s Kung Louie LIVERNOSE [&hellip;]\" \/>\n<meta property=\"og:url\" content=\"https:\/\/hemashellhounds.at\/index.php\/litter-wurf-2024\/\" \/>\n<meta property=\"og:site_name\" content=\"Hemas Hellhounds\" \/>\n<meta property=\"article:modified_time\" content=\"2026-03-30T10:23:47+00:00\" \/>\n<meta property=\"og:image\" content=\"https:\/\/hemashellhounds.at\/wp-content\/uploads\/2026\/03\/1000152680-1024x889.jpg\" \/>\n<meta name=\"twitter:card\" content=\"summary_large_image\" \/>\n<meta name=\"twitter:label1\" content=\"Gesch\u00e4tzte Lesezeit\" \/>\n\t<meta name=\"twitter:data1\" content=\"4\u00a0Minuten\" \/>\n<script type=\"application\/ld+json\" class=\"yoast-schema-graph\">{\"@context\":\"https:\\\/\\\/schema.org\",\"@graph\":[{\"@type\":\"WebPage\",\"@id\":\"https:\\\/\\\/hemashellhounds.at\\\/index.php\\\/litter-wurf-2024\\\/\",\"url\":\"https:\\\/\\\/hemashellhounds.at\\\/index.php\\\/litter-wurf-2024\\\/\",\"name\":\"Litter \\\/ Wurf 2026 - Hemas Hellhounds\",\"isPartOf\":{\"@id\":\"https:\\\/\\\/hemashellhounds.at\\\/#website\"},\"primaryImageOfPage\":{\"@id\":\"https:\\\/\\\/hemashellhounds.at\\\/index.php\\\/litter-wurf-2024\\\/#primaryimage\"},\"image\":{\"@id\":\"https:\\\/\\\/hemashellhounds.at\\\/index.php\\\/litter-wurf-2024\\\/#primaryimage\"},\"thumbnailUrl\":\"https:\\\/\\\/hemashellhounds.at\\\/wp-content\\\/uploads\\\/2026\\\/03\\\/1000152680-1024x889.jpg\",\"datePublished\":\"2023-09-06T18:19:44+00:00\",\"dateModified\":\"2026-03-30T10:23:47+00:00\",\"breadcrumb\":{\"@id\":\"https:\\\/\\\/hemashellhounds.at\\\/index.php\\\/litter-wurf-2024\\\/#breadcrumb\"},\"inLanguage\":\"de\",\"potentialAction\":[{\"@type\":\"ReadAction\",\"target\":[\"https:\\\/\\\/hemashellhounds.at\\\/index.php\\\/litter-wurf-2024\\\/\"]}]},{\"@type\":\"ImageObject\",\"inLanguage\":\"de\",\"@id\":\"https:\\\/\\\/hemashellhounds.at\\\/index.php\\\/litter-wurf-2024\\\/#primaryimage\",\"url\":\"https:\\\/\\\/hemashellhounds.at\\\/wp-content\\\/uploads\\\/2026\\\/03\\\/1000152680-scaled.jpg\",\"contentUrl\":\"https:\\\/\\\/hemashellhounds.at\\\/wp-content\\\/uploads\\\/2026\\\/03\\\/1000152680-scaled.jpg\",\"width\":2560,\"height\":2222},{\"@type\":\"BreadcrumbList\",\"@id\":\"https:\\\/\\\/hemashellhounds.at\\\/index.php\\\/litter-wurf-2024\\\/#breadcrumb\",\"itemListElement\":[{\"@type\":\"ListItem\",\"position\":1,\"name\":\"Startseite\",\"item\":\"https:\\\/\\\/hemashellhounds.at\\\/\"},{\"@type\":\"ListItem\",\"position\":2,\"name\":\"Litter \\\/ Wurf 2026\"}]},{\"@type\":\"WebSite\",\"@id\":\"https:\\\/\\\/hemashellhounds.at\\\/#website\",\"url\":\"https:\\\/\\\/hemashellhounds.at\\\/\",\"name\":\"Hemas Hellhounds\",\"description\":\"Welcome to our Rhodesian Ridgeback Kennel\",\"publisher\":{\"@id\":\"https:\\\/\\\/hemashellhounds.at\\\/#\\\/schema\\\/person\\\/445e3bc142ad6bda7885a9cd91aec021\"},\"potentialAction\":[{\"@type\":\"SearchAction\",\"target\":{\"@type\":\"EntryPoint\",\"urlTemplate\":\"https:\\\/\\\/hemashellhounds.at\\\/?s={search_term_string}\"},\"query-input\":{\"@type\":\"PropertyValueSpecification\",\"valueRequired\":true,\"valueName\":\"search_term_string\"}}],\"inLanguage\":\"de\"},{\"@type\":[\"Person\",\"Organization\"],\"@id\":\"https:\\\/\\\/hemashellhounds.at\\\/#\\\/schema\\\/person\\\/445e3bc142ad6bda7885a9cd91aec021\",\"name\":\"admin\",\"image\":{\"@type\":\"ImageObject\",\"inLanguage\":\"de\",\"@id\":\"https:\\\/\\\/hemashellhounds.at\\\/wp-content\\\/uploads\\\/2021\\\/08\\\/IMG_2028.jpg\",\"url\":\"https:\\\/\\\/hemashellhounds.at\\\/wp-content\\\/uploads\\\/2021\\\/08\\\/IMG_2028.jpg\",\"contentUrl\":\"https:\\\/\\\/hemashellhounds.at\\\/wp-content\\\/uploads\\\/2021\\\/08\\\/IMG_2028.jpg\",\"width\":1000,\"height\":745,\"caption\":\"admin\"},\"logo\":{\"@id\":\"https:\\\/\\\/hemashellhounds.at\\\/wp-content\\\/uploads\\\/2021\\\/08\\\/IMG_2028.jpg\"},\"sameAs\":[\"https:\\\/\\\/hemashellhounds.at\"]}]}<\/script>\n<!-- \/ Yoast SEO plugin. -->","yoast_head_json":{"title":"Litter \/ Wurf 2026 - Hemas Hellhounds","robots":{"index":"index","follow":"follow","max-snippet":"max-snippet:-1","max-image-preview":"max-image-preview:large","max-video-preview":"max-video-preview:-1"},"canonical":"https:\/\/hemashellhounds.at\/index.php\/litter-wurf-2024\/","og_locale":"de_DE","og_type":"article","og_title":"Litter \/ Wurf 2026 - Hemas Hellhounds","og_description":"30.03.2026 &#8211; good news Zaituni is pregnant \/ Gute Neuigkeiten &#8211; Zaituni ist tr\u00e4chtig Puppies will be born around May 5th\/ Wir erwarten die Welpen um den 5.Mai We are planning our first litter in 2026 planned parents\/geplannte Eltern: Multi CH, Multi GrCH, Zaituni Lakota L\u00f6wenschwanz Multi CH, Multi GrCH Leo Tino&#8217;s Kung Louie LIVERNOSE [&hellip;]","og_url":"https:\/\/hemashellhounds.at\/index.php\/litter-wurf-2024\/","og_site_name":"Hemas Hellhounds","article_modified_time":"2026-03-30T10:23:47+00:00","og_image":[{"url":"https:\/\/hemashellhounds.at\/wp-content\/uploads\/2026\/03\/1000152680-1024x889.jpg","type":"","width":"","height":""}],"twitter_card":"summary_large_image","twitter_misc":{"Gesch\u00e4tzte Lesezeit":"4\u00a0Minuten"},"schema":{"@context":"https:\/\/schema.org","@graph":[{"@type":"WebPage","@id":"https:\/\/hemashellhounds.at\/index.php\/litter-wurf-2024\/","url":"https:\/\/hemashellhounds.at\/index.php\/litter-wurf-2024\/","name":"Litter \/ Wurf 2026 - Hemas Hellhounds","isPartOf":{"@id":"https:\/\/hemashellhounds.at\/#website"},"primaryImageOfPage":{"@id":"https:\/\/hemashellhounds.at\/index.php\/litter-wurf-2024\/#primaryimage"},"image":{"@id":"https:\/\/hemashellhounds.at\/index.php\/litter-wurf-2024\/#primaryimage"},"thumbnailUrl":"https:\/\/hemashellhounds.at\/wp-content\/uploads\/2026\/03\/1000152680-1024x889.jpg","datePublished":"2023-09-06T18:19:44+00:00","dateModified":"2026-03-30T10:23:47+00:00","breadcrumb":{"@id":"https:\/\/hemashellhounds.at\/index.php\/litter-wurf-2024\/#breadcrumb"},"inLanguage":"de","potentialAction":[{"@type":"ReadAction","target":["https:\/\/hemashellhounds.at\/index.php\/litter-wurf-2024\/"]}]},{"@type":"ImageObject","inLanguage":"de","@id":"https:\/\/hemashellhounds.at\/index.php\/litter-wurf-2024\/#primaryimage","url":"https:\/\/hemashellhounds.at\/wp-content\/uploads\/2026\/03\/1000152680-scaled.jpg","contentUrl":"https:\/\/hemashellhounds.at\/wp-content\/uploads\/2026\/03\/1000152680-scaled.jpg","width":2560,"height":2222},{"@type":"BreadcrumbList","@id":"https:\/\/hemashellhounds.at\/index.php\/litter-wurf-2024\/#breadcrumb","itemListElement":[{"@type":"ListItem","position":1,"name":"Startseite","item":"https:\/\/hemashellhounds.at\/"},{"@type":"ListItem","position":2,"name":"Litter \/ Wurf 2026"}]},{"@type":"WebSite","@id":"https:\/\/hemashellhounds.at\/#website","url":"https:\/\/hemashellhounds.at\/","name":"Hemas Hellhounds","description":"Welcome to our Rhodesian Ridgeback Kennel","publisher":{"@id":"https:\/\/hemashellhounds.at\/#\/schema\/person\/445e3bc142ad6bda7885a9cd91aec021"},"potentialAction":[{"@type":"SearchAction","target":{"@type":"EntryPoint","urlTemplate":"https:\/\/hemashellhounds.at\/?s={search_term_string}"},"query-input":{"@type":"PropertyValueSpecification","valueRequired":true,"valueName":"search_term_string"}}],"inLanguage":"de"},{"@type":["Person","Organization"],"@id":"https:\/\/hemashellhounds.at\/#\/schema\/person\/445e3bc142ad6bda7885a9cd91aec021","name":"admin","image":{"@type":"ImageObject","inLanguage":"de","@id":"https:\/\/hemashellhounds.at\/wp-content\/uploads\/2021\/08\/IMG_2028.jpg","url":"https:\/\/hemashellhounds.at\/wp-content\/uploads\/2021\/08\/IMG_2028.jpg","contentUrl":"https:\/\/hemashellhounds.at\/wp-content\/uploads\/2021\/08\/IMG_2028.jpg","width":1000,"height":745,"caption":"admin"},"logo":{"@id":"https:\/\/hemashellhounds.at\/wp-content\/uploads\/2021\/08\/IMG_2028.jpg"},"sameAs":["https:\/\/hemashellhounds.at"]}]}},"_links":{"self":[{"href":"https:\/\/hemashellhounds.at\/index.php\/wp-json\/wp\/v2\/pages\/633","targetHints":{"allow":["GET"]}}],"collection":[{"href":"https:\/\/hemashellhounds.at\/index.php\/wp-json\/wp\/v2\/pages"}],"about":[{"href":"https:\/\/hemashellhounds.at\/index.php\/wp-json\/wp\/v2\/types\/page"}],"author":[{"embeddable":true,"href":"https:\/\/hemashellhounds.at\/index.php\/wp-json\/wp\/v2\/users\/1"}],"replies":[{"embeddable":true,"href":"https:\/\/hemashellhounds.at\/index.php\/wp-json\/wp\/v2\/comments?post=633"}],"version-history":[{"count":13,"href":"https:\/\/hemashellhounds.at\/index.php\/wp-json\/wp\/v2\/pages\/633\/revisions"}],"predecessor-version":[{"id":929,"href":"https:\/\/hemashellhounds.at\/index.php\/wp-json\/wp\/v2\/pages\/633\/revisions\/929"}],"wp:attachment":[{"href":"https:\/\/hemashellhounds.at\/index.php\/wp-json\/wp\/v2\/media?parent=633"}],"curies":[{"name":"wp","href":"https:\/\/api.w.org\/{rel}","templated":true}]}}